{"id":40,"date":"2024-04-03T09:17:16","date_gmt":"2024-04-03T09:17:16","guid":{"rendered":"https:\/\/jdmlabpd.dpss.psy.unipd.it\/jdmlab\/?page_id=40"},"modified":"2024-10-01T16:27:05","modified_gmt":"2024-10-01T16:27:05","slug":"homepage","status":"publish","type":"page","link":"https:\/\/jdmlabpd.dpss.psy.unipd.it\/jdmlab\/it\/","title":{"rendered":"Homepage"},"content":{"rendered":"\t\t<div data-elementor-type=\"wp-page\" data-elementor-id=\"40\" class=\"elementor elementor-40\">\n\t\t\t\t<div class=\"elementor-element elementor-element-95c12ef e-flex e-con-boxed e-con e-parent\" data-id=\"95c12ef\" data-element_type=\"container\">\n\t\t\t\t\t<div class=\"e-con-inner\">\n\t\t\t\t<div class=\"elementor-element elementor-element-7cf5337 elementor-widget elementor-widget-heading\" data-id=\"7cf5337\" data-element_type=\"widget\" data-widget_type=\"heading.default\">\n\t\t\t\t<div class=\"elementor-widget-container\">\n\t\t\t\t\t<h1 class=\"elementor-heading-title elementor-size-default\">Judgment and Decision Making Lab - JDM LAB<\/h1>\t\t\t\t<\/div>\n\t\t\t\t<\/div>\n\t\t\t\t\t<\/div>\n\t\t\t\t<\/div>\n\t\t\t\t<section class=\"elementor-section elementor-top-section elementor-element elementor-element-52d49f20 elementor-section-height-min-height elementor-section-full_width elementor-section-height-default elementor-section-items-middle\" data-id=\"52d49f20\" data-element_type=\"section\">\n\t\t\t\t\t\t<div class=\"elementor-container elementor-column-gap-default\">\n\t\t\t\t\t<div class=\"elementor-column elementor-col-100 elementor-top-column elementor-element elementor-element-7ae85ef6 animated-slow elementor-invisible\" data-id=\"7ae85ef6\" data-element_type=\"column\" data-settings=\"{&quot;animation&quot;:&quot;fadeInUp&quot;}\">\n\t\t\t<div class=\"elementor-widget-wrap elementor-element-populated\">\n\t\t\t\t\t\t<div class=\"elementor-element elementor-element-55781f3 animated-slow elementor-invisible elementor-widget elementor-widget-heading\" data-id=\"55781f3\" data-element_type=\"widget\" data-settings=\"{&quot;_animation&quot;:&quot;fadeInDown&quot;}\" data-widget_type=\"heading.default\">\n\t\t\t\t<div class=\"elementor-widget-container\">\n\t\t\t\t\t<h3 class=\"elementor-heading-title elementor-size-default\">Empowering people one decision at a time<\/h3>\t\t\t\t<\/div>\n\t\t\t\t<\/div>\n\t\t\t\t\t<\/div>\n\t\t<\/div>\n\t\t\t\t\t<\/div>\n\t\t<\/section>\n\t\t\t\t<section class=\"elementor-section elementor-top-section elementor-element elementor-element-743b66b3 elementor-section-full_width elementor-section-height-default elementor-section-height-default\" data-id=\"743b66b3\" data-element_type=\"section\">\n\t\t\t\t\t\t<div class=\"elementor-container elementor-column-gap-default\">\n\t\t\t\t\t<div class=\"elementor-column elementor-col-100 elementor-top-column elementor-element elementor-element-5129d94e\" data-id=\"5129d94e\" data-element_type=\"column\">\n\t\t\t<div class=\"elementor-widget-wrap elementor-element-populated\">\n\t\t\t\t\t\t<div class=\"elementor-element elementor-element-41df9651 elementor-widget elementor-widget-block-slider\" data-id=\"41df9651\" data-element_type=\"widget\" data-widget_type=\"block-slider.default\">\n\t\t\t\t<div class=\"elementor-widget-container\">\n\t\t\t\t\t      <div id=\"carouselExampleDark1df9651\" class=\"carousel carousel-dark slide\" data-bs-ride=\"carousel\">\r\n\r\n        <!-- Indicators -->\r\n        <div class=\"carousel-indicators\">\r\n                      <button type=\"button\" data-bs-target=\"#carouselExampleDark1df9651\" data-bs-slide-to=\"0\"\r\n               class=\"active\" aria-current=\"true\" ><\/button>\r\n                      <button type=\"button\" data-bs-target=\"#carouselExampleDark1df9651\" data-bs-slide-to=\"1\"\r\n              ><\/button>\r\n                      <button type=\"button\" data-bs-target=\"#carouselExampleDark1df9651\" data-bs-slide-to=\"2\"\r\n              ><\/button>\r\n                  <\/div>\r\n\r\n        <!-- Wrapper for slides -->\r\n        <div class=\"carousel-inner\">\r\n                                <div class=\"carousel-item active\" data-bs-interval=\"4000\">\r\n              <div class=\"wrapper\" style=\"display: flex\">\r\n                <div class=\"slide-text-part\">\r\n                  <div class=\"slide-title title\">\r\n                    <span>\r\n                      Judgment and Decision Making Lab                    <\/span>\r\n                  <\/div>\r\n                  <div class=\"slide-description body-1\">\r\n                    <span>\r\n                      Il JDM LAB \u00e8 un laboratorio di ricerca presso il Dipartimento di Psicologia dello Sviluppo e della Socializzazione (DPSS) dell\u2019Universit\u00e0 di Padova. Svolgiamo attivit\u00e0 di ricerca, consulenza e divulgazione mirate a migliorare il benessere delle persone e della societ\u00e0.                    <\/span>\r\n                  <\/div>\r\n                  <button class=\"slide-button typo-footer-2\">\r\n                    <a href=\"https:\/\/jdmlabpd.dpss.psy.unipd.it\/jdmlab\/contatti\/\" target=\"_blank\">\r\n                      Contattaci                    <\/a>\r\n                  <\/button>\r\n                <\/div>\r\n                <div class=\"slide-image-part\" style=\"background-image: url('https:\/\/jdmlabpd.dpss.psy.unipd.it\/jdmlab\/wp-content\/uploads\/2024\/09\/JDM-LAB-2font25.png')\"><\/div>\r\n              <\/div>\r\n            <\/div>\r\n                                  <div class=\"carousel-item \" data-bs-interval=\"4000\">\r\n              <div class=\"wrapper\" style=\"display: flex\">\r\n                <div class=\"slide-text-part\">\r\n                  <div class=\"slide-title title\">\r\n                    <span>\r\n                      La nostra mission                    <\/span>\r\n                  <\/div>\r\n                  <div class=\"slide-description body-1\">\r\n                    <span>\r\n                      Il JDM LAB svolge attivit\u00e0 di ricerca, consulenza e divulgazione mirate a migliorare il benessere delle persone e della societ\u00e0.\n\nLa nostra missione \u00e8 quella di migliorare la qualit\u00e0 delle decisioni che le persone prendono.                    <\/span>\r\n                  <\/div>\r\n                  <button class=\"slide-button typo-footer-2\">\r\n                    <a href=\"https:\/\/jdmlabpd.dpss.psy.unipd.it\/jdmlab\/generica-duplicate-48-2\/\" target=\"_blank\">\r\n                      I nostri progetti                    <\/a>\r\n                  <\/button>\r\n                <\/div>\r\n                <div class=\"slide-image-part\" style=\"background-image: url('https:\/\/jdmlabpd.dpss.psy.unipd.it\/jdmlab\/wp-content\/uploads\/2024\/10\/20240925_141917-scaled-e1727799940292.jpg')\"><\/div>\r\n              <\/div>\r\n            <\/div>\r\n                                  <div class=\"carousel-item \" data-bs-interval=\"4000\">\r\n              <div class=\"wrapper\" style=\"display: flex\">\r\n                <div class=\"slide-text-part\">\r\n                  <div class=\"slide-title title\">\r\n                    <span>\r\n                      I nostri ambiti di ricerca                    <\/span>\r\n                  <\/div>\r\n                  <div class=\"slide-description body-1\">\r\n                    <span>\r\n                      \nDecenni di ricerca in psicologia e in economia comportamentale dimostrano come le nostre decisioni subiscono delle distorsioni sistematiche e che, come persone, siamo molto scarsi a capire cosa ci render\u00e0 felici.\n\nTutti commettono errori nel decidere, anche gli esperti.                    <\/span>\r\n                  <\/div>\r\n                  <button class=\"slide-button typo-footer-2\">\r\n                    <a href=\"https:\/\/jdmlabpd.dpss.psy.unipd.it\/jdmlab\/ricerca\/\" target=\"_blank\">\r\n                      Scopri di pi\u00f9                    <\/a>\r\n                  <\/button>\r\n                <\/div>\r\n                <div class=\"slide-image-part\" style=\"background-image: url('https:\/\/jdmlabpd.dpss.psy.unipd.it\/jdmlab\/wp-content\/uploads\/2024\/09\/IMG_1716-e1726763446930.jpg')\"><\/div>\r\n              <\/div>\r\n            <\/div>\r\n                              <\/div>\r\n\r\n        <!-- Left and right controls -->\r\n        <div class=\"carousel-controls\">\r\n          <button class=\"carousel-control-prev\" type=\"button\" data-bs-target=\"#carouselExampleDark1df9651\"\r\n            data-bs-slide=\"prev\">\r\n            <span class=\"carousel-control-prev-icon\" aria-hidden=\"true\"><\/span>\r\n            <span class=\"visually-hidden\">Previous<\/span>\r\n          <\/button>\r\n\r\n          <button class=\"carousel-control-next\" type=\"button\" data-bs-target=\"#carouselExampleDark1df9651\"\r\n            data-bs-slide=\"next\">\r\n            <span class=\"carousel-control-next-icon\" aria-hidden=\"true\"><\/span>\r\n            <span class=\"visually-hidden\">Next<\/span>\r\n          <\/button>\r\n        <\/div>\r\n      <\/div>\r\n      \t\t\t\t<\/div>\n\t\t\t\t<\/div>\n\t\t\t\t\t<\/div>\n\t\t<\/div>\n\t\t\t\t\t<\/div>\n\t\t<\/section>\n\t\t\t\t<\/div>\n\t\t","protected":false},"excerpt":{"rendered":"<p>Judgment and Decision Making Lab &#8211; JDM LAB Empowering people one decision at a time Judgment and Decision Making Lab Il JDM LAB \u00e8 un laboratorio di ricerca presso il Dipartimento di Psicologia dello Sviluppo e della Socializzazione (DPSS) dell\u2019Universit\u00e0 di Padova. Svolgiamo attivit\u00e0 di ricerca, consulenza e divulgazione mirate a migliorare il benessere delle [&hellip;]<\/p>\n","protected":false},"author":2,"featured_media":0,"parent":0,"menu_order":0,"comment_status":"closed","ping_status":"closed","template":"","meta":{"footnotes":""},"class_list":["post-40","page","type-page","status-publish","hentry"],"_links":{"self":[{"href":"https:\/\/jdmlabpd.dpss.psy.unipd.it\/jdmlab\/it\/wp-json\/wp\/v2\/pages\/40","targetHints":{"allow":["GET"]}}],"collection":[{"href":"https:\/\/jdmlabpd.dpss.psy.unipd.it\/jdmlab\/it\/wp-json\/wp\/v2\/pages"}],"about":[{"href":"https:\/\/jdmlabpd.dpss.psy.unipd.it\/jdmlab\/it\/wp-json\/wp\/v2\/types\/page"}],"author":[{"embeddable":true,"href":"https:\/\/jdmlabpd.dpss.psy.unipd.it\/jdmlab\/it\/wp-json\/wp\/v2\/users\/2"}],"replies":[{"embeddable":true,"href":"https:\/\/jdmlabpd.dpss.psy.unipd.it\/jdmlab\/it\/wp-json\/wp\/v2\/comments?post=40"}],"version-history":[{"count":37,"href":"https:\/\/jdmlabpd.dpss.psy.unipd.it\/jdmlab\/it\/wp-json\/wp\/v2\/pages\/40\/revisions"}],"predecessor-version":[{"id":400,"href":"https:\/\/jdmlabpd.dpss.psy.unipd.it\/jdmlab\/it\/wp-json\/wp\/v2\/pages\/40\/revisions\/400"}],"wp:attachment":[{"href":"https:\/\/jdmlabpd.dpss.psy.unipd.it\/jdmlab\/it\/wp-json\/wp\/v2\/media?parent=40"}],"curies":[{"name":"wp","href":"https:\/\/api.w.org\/{rel}","templated":true}]}}